{"id":682,"date":"2024-11-28T16:23:05","date_gmt":"2024-11-28T15:23:05","guid":{"rendered":"https:\/\/lamaison-lexcellencedusoin.com\/?page_id=682"},"modified":"2024-11-28T19:01:21","modified_gmt":"2024-11-28T18:01:21","slug":"malika-visage","status":"publish","type":"page","link":"https:\/\/lamaison-lexcellencedusoin.com\/index.php\/malika-visage\/","title":{"rendered":"Malika &#8211; Visage"},"content":{"rendered":"\t\t<div data-elementor-type=\"wp-page\" data-elementor-id=\"682\" class=\"elementor elementor-682\">\n\t\t\t\t<div class=\"elementor-element elementor-element-e988512 e-flex e-con-boxed e-con e-parent\" data-id=\"e988512\" data-element_type=\"container\" data-settings=\"{&quot;mk_ext_is_sticky&quot;:&quot;false&quot;}\">\n\t\t\t\t\t<div class=\"e-con-inner\">\n\t\t\t\t<div class=\"elementor-element elementor-element-4526bb0 elementor-widget elementor-widget-image\" data-id=\"4526bb0\" data-element_type=\"widget\" data-settings=\"{&quot;mk_ext_is_scrollme&quot;:&quot;true&quot;,&quot;mk_ext_is_infinite&quot;:&quot;false&quot;,&quot;mk_ext_scrollme_disable&quot;:&quot;mobile&quot;,&quot;mk_ext_scrollme_smoothness&quot;:{&quot;unit&quot;:&quot;px&quot;,&quot;size&quot;:30,&quot;sizes&quot;:[]},&quot;mk_ext_scrollme_scalex&quot;:{&quot;unit&quot;:&quot;px&quot;,&quot;size&quot;:1,&quot;sizes&quot;:[]},&quot;mk_ext_scrollme_scaley&quot;:{&quot;unit&quot;:&quot;px&quot;,&quot;size&quot;:1,&quot;sizes&quot;:[]},&quot;mk_ext_scrollme_scalez&quot;:{&quot;unit&quot;:&quot;px&quot;,&quot;size&quot;:1,&quot;sizes&quot;:[]},&quot;mk_ext_scrollme_rotatex&quot;:{&quot;unit&quot;:&quot;px&quot;,&quot;size&quot;:0,&quot;sizes&quot;:[]},&quot;mk_ext_scrollme_rotatey&quot;:{&quot;unit&quot;:&quot;px&quot;,&quot;size&quot;:0,&quot;sizes&quot;:[]},&quot;mk_ext_scrollme_rotatez&quot;:{&quot;unit&quot;:&quot;px&quot;,&quot;size&quot;:0,&quot;sizes&quot;:[]},&quot;mk_ext_scrollme_translatex&quot;:{&quot;unit&quot;:&quot;px&quot;,&quot;size&quot;:0,&quot;sizes&quot;:[]},&quot;mk_ext_scrollme_translatey&quot;:{&quot;unit&quot;:&quot;px&quot;,&quot;size&quot;:0,&quot;sizes&quot;:[]},&quot;mk_ext_scrollme_translatez&quot;:{&quot;unit&quot;:&quot;px&quot;,&quot;size&quot;:0,&quot;sizes&quot;:[]}}\" data-widget_type=\"image.default\">\n\t\t\t\t<div class=\"elementor-widget-container\">\n\t\t\t\t\t\t\t\t\t\t\t\t\t\t\t<img fetchpriority=\"high\" decoding=\"async\" width=\"418\" height=\"122\" src=\"https:\/\/lamaison-lexcellencedusoin.com\/wp-content\/uploads\/2024\/07\/lamaisonexcellence_banner-5.png\" class=\"attachment-large size-large wp-image-513\" alt=\"\" srcset=\"https:\/\/lamaison-lexcellencedusoin.com\/wp-content\/uploads\/2024\/07\/lamaisonexcellence_banner-5.png 418w, https:\/\/lamaison-lexcellencedusoin.com\/wp-content\/uploads\/2024\/07\/lamaisonexcellence_banner-5-300x88.png 300w, https:\/\/lamaison-lexcellencedusoin.com\/wp-content\/uploads\/2024\/07\/lamaisonexcellence_banner-5-230x67.png 230w, https:\/\/lamaison-lexcellencedusoin.com\/wp-content\/uploads\/2024\/07\/lamaisonexcellence_banner-5-350x102.png 350w\" sizes=\"(max-width: 418px) 100vw, 418px\" \/>\t\t\t\t\t\t\t\t\t\t\t\t\t\t\t<\/div>\n\t\t\t\t<\/div>\n\t\t\t\t\t<\/div>\n\t\t\t\t<\/div>\n\t\t<div class=\"elementor-element elementor-element-48e8a1c e-grid e-con-boxed e-con e-parent\" data-id=\"48e8a1c\" data-element_type=\"container\" data-settings=\"{&quot;mk_ext_is_sticky&quot;:&quot;false&quot;}\">\n\t\t\t\t\t<div class=\"e-con-inner\">\n\t\t\t\t<div class=\"elementor-element elementor-element-59e16e5 elementor-widget elementor-widget-image\" data-id=\"59e16e5\" data-element_type=\"widget\" data-settings=\"{&quot;mk_ext_is_infinite&quot;:&quot;false&quot;,&quot;mk_ext_is_scrollme&quot;:&quot;false&quot;}\" data-widget_type=\"image.default\">\n\t\t\t\t<div class=\"elementor-widget-container\">\n\t\t\t\t\t\t\t\t\t\t\t\t\t\t\t<img decoding=\"async\" width=\"738\" height=\"1024\" src=\"https:\/\/lamaison-lexcellencedusoin.com\/wp-content\/uploads\/2024\/11\/screenshot_1772-738x1024.jpg\" class=\"attachment-large size-large wp-image-700\" alt=\"\" srcset=\"https:\/\/lamaison-lexcellencedusoin.com\/wp-content\/uploads\/2024\/11\/screenshot_1772-738x1024.jpg 738w, https:\/\/lamaison-lexcellencedusoin.com\/wp-content\/uploads\/2024\/11\/screenshot_1772-216x300.jpg 216w, https:\/\/lamaison-lexcellencedusoin.com\/wp-content\/uploads\/2024\/11\/screenshot_1772-768x1066.jpg 768w, https:\/\/lamaison-lexcellencedusoin.com\/wp-content\/uploads\/2024\/11\/screenshot_1772.jpg 798w\" sizes=\"(max-width: 738px) 100vw, 738px\" \/>\t\t\t\t\t\t\t\t\t\t\t\t\t\t\t<\/div>\n\t\t\t\t<\/div>\n\t\t\t\t<div class=\"elementor-element elementor-element-50f2bbb elementor-widget elementor-widget-text-editor\" data-id=\"50f2bbb\" data-element_type=\"widget\" data-settings=\"{&quot;mk_ext_is_infinite&quot;:&quot;false&quot;,&quot;mk_ext_is_scrollme&quot;:&quot;false&quot;}\" data-widget_type=\"text-editor.default\">\n\t\t\t\t<div class=\"elementor-widget-container\">\n\t\t\t\t\t\t\t\t\t<p>En tant que facialiste experte, je con\u00e7ois des soins sur mesure qui stimulent en profondeur les muscles du\u00a0visage, freinant ainsi les effets du temps.<\/p><p>Mes diff\u00e9rentes techniques (Kobido, Gua Sha, Detox, Stretching, Intra-oral\u2026) lib\u00e8rent les\u00a0tensions, repulpent les muscles et pr\u00e9servent les volumes naturels du visage.<\/p><p>Diplom\u00e9e de l\u2019Acad\u00e9mie des Facialistes de Paris, et form\u00e9e aupr\u00e8s des plus grands sp\u00e9cialistes\u00a0internationaux (japonais, russes\u2026), je consacre mon expertise \u00e0 r\u00e9v\u00e9ler l\u2019\u00e9clat naturel de chaque visage.<\/p><p>Mon savoir-faire unique et mon approche holistique (nutrition, sommeil, routine de soins\u2026), permettent\u00a0de sublimer la beaut\u00e9 authentique et naturelle de chacun.<\/p><p>Les soins prodigu\u00e9s permettent de pr\u00e9venir les rides d\u2019expression tout en pr\u00e9servant une peau ferme et un\u00a0teint \u00e9clatant. Chaque soin est adapt\u00e9 \u00e0 chaque morphologie, garantissant un r\u00e9sultat durable et harmonieux.<\/p>\t\t\t\t\t\t\t\t<\/div>\n\t\t\t\t<\/div>\n\t\t\t\t<div class=\"elementor-element elementor-element-52ae2db elementor-widget elementor-widget-text-editor\" data-id=\"52ae2db\" data-element_type=\"widget\" data-settings=\"{&quot;mk_ext_is_infinite&quot;:&quot;false&quot;,&quot;mk_ext_is_scrollme&quot;:&quot;false&quot;}\" data-widget_type=\"text-editor.default\">\n\t\t\t\t<div class=\"elementor-widget-container\">\n\t\t\t\t\t\t\t\t\t<p>Visitez mon site web en cliquant ici<br \/><a href=\"http:\/\/www.malikamafacialiste.com\" target=\"_blank\" rel=\"noopener\">www.malikamafacialiste.com<\/a><\/p>\t\t\t\t\t\t\t\t<\/div>\n\t\t\t\t<\/div>\n\t\t\t\t\t<\/div>\n\t\t\t\t<\/div>\n\t\t\t\t<\/div>\n\t\t","protected":false},"excerpt":{"rendered":"<p>En tant que facialiste experte, je con\u00e7ois des soins sur mesure qui stimulent en profondeur les muscles du\u00a0visage, freinant ainsi les effets du temps. Mes diff\u00e9rentes techniques (Kobido, Gua Sha, Detox, Stretching, Intra-oral\u2026) lib\u00e8rent les\u00a0tensions, repulpent les muscles et pr\u00e9servent les volumes naturels du visage. Diplom\u00e9e de l\u2019Acad\u00e9mie des Facialistes [&hellip;]<\/p>\n","protected":false},"author":1,"featured_media":0,"parent":0,"menu_order":0,"comment_status":"closed","ping_status":"closed","template":"","meta":{"footnotes":""},"class_list":["post-682","page","type-page","status-publish","hentry"],"_links":{"self":[{"href":"https:\/\/lamaison-lexcellencedusoin.com\/index.php\/wp-json\/wp\/v2\/pages\/682","targetHints":{"allow":["GET"]}}],"collection":[{"href":"https:\/\/lamaison-lexcellencedusoin.com\/index.php\/wp-json\/wp\/v2\/pages"}],"about":[{"href":"https:\/\/lamaison-lexcellencedusoin.com\/index.php\/wp-json\/wp\/v2\/types\/page"}],"author":[{"embeddable":true,"href":"https:\/\/lamaison-lexcellencedusoin.com\/index.php\/wp-json\/wp\/v2\/users\/1"}],"replies":[{"embeddable":true,"href":"https:\/\/lamaison-lexcellencedusoin.com\/index.php\/wp-json\/wp\/v2\/comments?post=682"}],"version-history":[{"count":7,"href":"https:\/\/lamaison-lexcellencedusoin.com\/index.php\/wp-json\/wp\/v2\/pages\/682\/revisions"}],"predecessor-version":[{"id":708,"href":"https:\/\/lamaison-lexcellencedusoin.com\/index.php\/wp-json\/wp\/v2\/pages\/682\/revisions\/708"}],"wp:attachment":[{"href":"https:\/\/lamaison-lexcellencedusoin.com\/index.php\/wp-json\/wp\/v2\/media?parent=682"}],"curies":[{"name":"wp","href":"https:\/\/api.w.org\/{rel}","templated":true}]}}