{"id":683,"date":"2024-11-28T16:23:05","date_gmt":"2024-11-28T15:23:05","guid":{"rendered":"https:\/\/lamaison-lexcellencedusoin.com\/?page_id=683"},"modified":"2024-11-28T19:47:10","modified_gmt":"2024-11-28T18:47:10","slug":"paola-ame","status":"publish","type":"page","link":"https:\/\/lamaison-lexcellencedusoin.com\/index.php\/paola-ame\/","title":{"rendered":"Paola &#8211; \u00c2me"},"content":{"rendered":"\t\t<div data-elementor-type=\"wp-page\" data-elementor-id=\"683\" class=\"elementor elementor-683\">\n\t\t\t\t<div class=\"elementor-element elementor-element-12d89cc e-flex e-con-boxed e-con e-parent\" data-id=\"12d89cc\" data-element_type=\"container\" data-settings=\"{&quot;mk_ext_is_sticky&quot;:&quot;false&quot;}\">\n\t\t\t\t\t<div class=\"e-con-inner\">\n\t\t\t\t<div class=\"elementor-element elementor-element-762d47e elementor-widget elementor-widget-image\" data-id=\"762d47e\" data-element_type=\"widget\" data-settings=\"{&quot;mk_ext_is_infinite&quot;:&quot;false&quot;,&quot;mk_ext_is_scrollme&quot;:&quot;false&quot;}\" data-widget_type=\"image.default\">\n\t\t\t\t<div class=\"elementor-widget-container\">\n\t\t\t\t\t\t\t\t\t\t\t\t\t\t\t<img fetchpriority=\"high\" decoding=\"async\" width=\"300\" height=\"172\" src=\"https:\/\/lamaison-lexcellencedusoin.com\/wp-content\/uploads\/2024\/11\/screenshot_1775-300x172.jpg\" class=\"attachment-medium size-medium wp-image-721\" alt=\"\" srcset=\"https:\/\/lamaison-lexcellencedusoin.com\/wp-content\/uploads\/2024\/11\/screenshot_1775-300x172.jpg 300w, https:\/\/lamaison-lexcellencedusoin.com\/wp-content\/uploads\/2024\/11\/screenshot_1775-768x440.jpg 768w, https:\/\/lamaison-lexcellencedusoin.com\/wp-content\/uploads\/2024\/11\/screenshot_1775.jpg 936w\" sizes=\"(max-width: 300px) 100vw, 300px\" \/>\t\t\t\t\t\t\t\t\t\t\t\t\t\t\t<\/div>\n\t\t\t\t<\/div>\n\t\t\t\t\t<\/div>\n\t\t\t\t<\/div>\n\t\t<div class=\"elementor-element elementor-element-736bdce e-grid e-con-boxed e-con e-parent\" data-id=\"736bdce\" data-element_type=\"container\" data-settings=\"{&quot;mk_ext_is_sticky&quot;:&quot;false&quot;}\">\n\t\t\t\t\t<div class=\"e-con-inner\">\n\t\t\t\t<div class=\"elementor-element elementor-element-233706b elementor-widget elementor-widget-image\" data-id=\"233706b\" data-element_type=\"widget\" data-settings=\"{&quot;mk_ext_is_infinite&quot;:&quot;false&quot;,&quot;mk_ext_is_scrollme&quot;:&quot;false&quot;}\" data-widget_type=\"image.default\">\n\t\t\t\t<div class=\"elementor-widget-container\">\n\t\t\t\t\t\t\t\t\t\t\t\t\t\t\t<img decoding=\"async\" width=\"630\" height=\"890\" src=\"https:\/\/lamaison-lexcellencedusoin.com\/wp-content\/uploads\/2024\/11\/screenshot_1774.jpg\" class=\"attachment-large size-large wp-image-720\" alt=\"\" srcset=\"https:\/\/lamaison-lexcellencedusoin.com\/wp-content\/uploads\/2024\/11\/screenshot_1774.jpg 630w, https:\/\/lamaison-lexcellencedusoin.com\/wp-content\/uploads\/2024\/11\/screenshot_1774-212x300.jpg 212w\" sizes=\"(max-width: 630px) 100vw, 630px\" \/>\t\t\t\t\t\t\t\t\t\t\t\t\t\t\t<\/div>\n\t\t\t\t<\/div>\n\t\t\t\t<div class=\"elementor-element elementor-element-6aabd56 elementor-widget elementor-widget-text-editor\" data-id=\"6aabd56\" data-element_type=\"widget\" data-settings=\"{&quot;mk_ext_is_infinite&quot;:&quot;false&quot;,&quot;mk_ext_is_scrollme&quot;:&quot;false&quot;}\" data-widget_type=\"text-editor.default\">\n\t\t\t\t<div class=\"elementor-widget-container\">\n\t\t\t\t\t\t\t\t\t<p>\u00a0<\/p><p style=\"font-weight: 400;\">De nature authentique, lumineuse et sensible, j&#8217;ai toujours \u00e9t\u00e9 impliqu\u00e9e par le bien-\u00eatre sous toutes ces formes. Mes exp\u00e9riences, bonnes comme mauvaises, m&#8217;ont amen\u00e9e \u00e0 d\u00e9couvrir de merveilleuses voies en exp\u00e9rimentant de nombreux outils qui m&#8217;ont permis de comprendre,\u00a0d&#8217;avancer vers une lib\u00e9ration et une gu\u00e9rison int\u00e9rieure.<\/p><p style=\"font-weight: 400;\">Tout au long de mon cheminement personnel et spirituel, il m&#8217;est apparu comme une \u00e9vidence de m&#8217;initier \u00e0 ces diff\u00e9rentes techniques pour devenir th\u00e9rapeute \u00e9nerg\u00e9tique et accompagnatrice en d\u00e9veloppement de soi.<\/p><p style=\"font-weight: 400;\">\u00c0 mon tour, j&#8217;accompagne mon prochain \u00e0 g\u00e9rer ses peurs, son stress. \u00c0 se lib\u00e9rer de ses souffrances, de ses traumas, de ses croyances limitantes et de ses blocages, \u00e0 accueillir et \u00e0 accepter ses \u00e9motions.<\/p><p style=\"font-weight: 400;\">\u00c0 retrouver l&#8217;estime de soi. Un \u00e9clairage sur son chemin vers plus de s\u00e9r\u00e9nit\u00e9.<\/p>\t\t\t\t\t\t\t\t<\/div>\n\t\t\t\t<\/div>\n\t\t\t\t\t<\/div>\n\t\t\t\t<\/div>\n\t\t\t\t<\/div>\n\t\t","protected":false},"excerpt":{"rendered":"<p>\u00a0 De nature authentique, lumineuse et sensible, j&#8217;ai toujours \u00e9t\u00e9 impliqu\u00e9e par le bien-\u00eatre sous toutes ces formes. Mes exp\u00e9riences, bonnes comme mauvaises, m&#8217;ont amen\u00e9e \u00e0 d\u00e9couvrir de merveilleuses voies en exp\u00e9rimentant de nombreux outils qui m&#8217;ont permis de comprendre,\u00a0d&#8217;avancer vers une lib\u00e9ration et une gu\u00e9rison int\u00e9rieure. Tout au long [&hellip;]<\/p>\n","protected":false},"author":1,"featured_media":0,"parent":0,"menu_order":0,"comment_status":"closed","ping_status":"closed","template":"","meta":{"footnotes":""},"class_list":["post-683","page","type-page","status-publish","hentry"],"_links":{"self":[{"href":"https:\/\/lamaison-lexcellencedusoin.com\/index.php\/wp-json\/wp\/v2\/pages\/683","targetHints":{"allow":["GET"]}}],"collection":[{"href":"https:\/\/lamaison-lexcellencedusoin.com\/index.php\/wp-json\/wp\/v2\/pages"}],"about":[{"href":"https:\/\/lamaison-lexcellencedusoin.com\/index.php\/wp-json\/wp\/v2\/types\/page"}],"author":[{"embeddable":true,"href":"https:\/\/lamaison-lexcellencedusoin.com\/index.php\/wp-json\/wp\/v2\/users\/1"}],"replies":[{"embeddable":true,"href":"https:\/\/lamaison-lexcellencedusoin.com\/index.php\/wp-json\/wp\/v2\/comments?post=683"}],"version-history":[{"count":4,"href":"https:\/\/lamaison-lexcellencedusoin.com\/index.php\/wp-json\/wp\/v2\/pages\/683\/revisions"}],"predecessor-version":[{"id":724,"href":"https:\/\/lamaison-lexcellencedusoin.com\/index.php\/wp-json\/wp\/v2\/pages\/683\/revisions\/724"}],"wp:attachment":[{"href":"https:\/\/lamaison-lexcellencedusoin.com\/index.php\/wp-json\/wp\/v2\/media?parent=683"}],"curies":[{"name":"wp","href":"https:\/\/api.w.org\/{rel}","templated":true}]}}