{"id":747,"date":"2025-10-05T15:55:45","date_gmt":"2025-10-05T13:55:45","guid":{"rendered":"https:\/\/lamaison-lexcellencedusoin.com\/?page_id=747"},"modified":"2025-10-05T22:31:59","modified_gmt":"2025-10-05T20:31:59","slug":"masterclass-du-03-11-25","status":"publish","type":"page","link":"https:\/\/lamaison-lexcellencedusoin.com\/index.php\/masterclass-du-03-11-25\/","title":{"rendered":"Masterclass du 03\/11\/25"},"content":{"rendered":"\n<h2 class=\"wp-block-heading\"><br><strong>Masterclass LB Facialistes du 3 novembre 2025<\/strong><br><strong>avec Delphine LANGLOIS \u2013 Inscription<\/strong><\/h2>\n\n\n\n<figure class=\"wp-block-image size-full is-resized\"><img decoding=\"async\" src=\"https:\/\/lamaison-lexcellencedusoin.com\/wp-content\/uploads\/2025\/10\/logo-1710245219.svg\" alt=\"\" class=\"wp-image-757\" style=\"width:300px;height:auto\"\/><\/figure>\n\n\n\n<p>Nous avons le plaisir de vous proposer une\u00a0<strong>Masterclass exclusive<\/strong> <strong>le lundi 3 novembre<\/strong> avec Delphine LANGLOIS, un moment d\u2019exception plac\u00e9 sous le signe de la transmission et du partage.<br>Au programme :\u00a0<strong>rencontre<\/strong>,\u00a0<strong>\u00e9change, questions-r\u00e9ponses<\/strong>\u00a0et\u00a0<strong>d\u00e9monstration en direct de la M\u00e9thode LB Facialistes\u00a9<\/strong>.<\/p>\n\n\n\n<p>D\u00e9di\u00e9e aux professionnels de l&#8217;esth\u00e9tique, l&#8217;apprentissage de la M\u00e9thode LB Facialistes\u00a9 est la garantie de bienfaits et r\u00e9sultats reconnus. V\u00e9ritable \u00e9cole du partage, alliant technicit\u00e9 et humanit\u00e9, LB Facialistes offre une voie aussi exigeante que gratifiante. Cette initiative tisse un r\u00e9seau dynamique de Facialistes sp\u00e9cialis\u00e9s dans la sublimation de la beaut\u00e9 du visage.&nbsp;<br>Transmission, Excellence, Audace, Talent : des valeurs qui tiennent \u00e0 coeur. C&#8217;est la raison pour laquelle Delphine LANGLOIS et Catherine BOURGEOIS ont cr\u00e9\u00e9 l&#8217;Acad\u00e9mie, formant ainsi chaque ann\u00e9e les Facialistes de demain. Gr\u00e2ce aux techniques expertes et aux protocoles uniques, nous vous enseignerons notre M\u00e9thode LB Facialistes\u00a9, afin de ma\u00eetriser notre art qui deviendra le v\u00f4tre.<\/p>\n\n\n\n<p>Attention : <strong>Nombre de places limit\u00e9es.<\/strong>&nbsp;<br>Remplissez le formulaire ci-dessous pour r\u00e9server votre place.<\/p>\n\n\n<style id=\"wpforms-css-vars-root\">\n\t\t\t\t:root {\n\t\t\t\t\t--wpforms-field-border-radius: 3px;\n--wpforms-field-border-style: solid;\n--wpforms-field-border-size: 1px;\n--wpforms-field-background-color: #ffffff;\n--wpforms-field-border-color: rgba( 0, 0, 0, 0.25 );\n--wpforms-field-border-color-spare: rgba( 0, 0, 0, 0.25 );\n--wpforms-field-text-color: rgba( 0, 0, 0, 0.7 );\n--wpforms-field-menu-color: #ffffff;\n--wpforms-label-color: rgba( 0, 0, 0, 0.85 );\n--wpforms-label-sublabel-color: rgba( 0, 0, 0, 0.55 );\n--wpforms-label-error-color: #d63637;\n--wpforms-button-border-radius: 3px;\n--wpforms-button-border-style: none;\n--wpforms-button-border-size: 1px;\n--wpforms-button-background-color: #066aab;\n--wpforms-button-border-color: #066aab;\n--wpforms-button-text-color: #ffffff;\n--wpforms-page-break-color: #066aab;\n--wpforms-background-image: none;\n--wpforms-background-position: center center;\n--wpforms-background-repeat: no-repeat;\n--wpforms-background-size: cover;\n--wpforms-background-width: 100px;\n--wpforms-background-height: 100px;\n--wpforms-background-color: rgba( 0, 0, 0, 0 );\n--wpforms-background-url: none;\n--wpforms-container-padding: 0px;\n--wpforms-container-border-style: none;\n--wpforms-container-border-width: 1px;\n--wpforms-container-border-color: #000000;\n--wpforms-container-border-radius: 3px;\n--wpforms-field-size-input-height: 43px;\n--wpforms-field-size-input-spacing: 15px;\n--wpforms-field-size-font-size: 16px;\n--wpforms-field-size-line-height: 19px;\n--wpforms-field-size-padding-h: 14px;\n--wpforms-field-size-checkbox-size: 16px;\n--wpforms-field-size-sublabel-spacing: 5px;\n--wpforms-field-size-icon-size: 1;\n--wpforms-label-size-font-size: 16px;\n--wpforms-label-size-line-height: 19px;\n--wpforms-label-size-sublabel-font-size: 14px;\n--wpforms-label-size-sublabel-line-height: 17px;\n--wpforms-button-size-font-size: 17px;\n--wpforms-button-size-height: 41px;\n--wpforms-button-size-padding-h: 15px;\n--wpforms-button-size-margin-top: 10px;\n--wpforms-container-shadow-size-box-shadow: none;\n\n\t\t\t\t}\n\t\t\t<\/style><div class=\"wpforms-container wpforms-container-full wpforms-block wpforms-block-74a62d50-3e5a-4519-af60-19200aa17d8b wpforms-render-modern\" id=\"wpforms-739\"><form id=\"wpforms-form-739\" class=\"wpforms-validate wpforms-form wpforms-ajax-form\" data-formid=\"739\" method=\"post\" enctype=\"multipart\/form-data\" action=\"\/index.php\/wp-json\/wp\/v2\/pages\/747\" data-token=\"c161c11b092308c8458647798fc13e44\" data-token-time=\"1776567822\"><noscript class=\"wpforms-error-noscript\">Veuillez activer JavaScript dans votre navigateur pour remplir ce formulaire.<\/noscript><div class=\"wpforms-hidden\" id=\"wpforms-error-noscript\">Veuillez activer JavaScript dans votre navigateur pour remplir ce formulaire.<\/div><div class=\"wpforms-field-container\"><div id=\"wpforms-739-field_0-container\" class=\"wpforms-field wpforms-field-name\" data-field-id=\"0\"><fieldset><legend class=\"wpforms-field-label\">Nom <span class=\"wpforms-required-label\" aria-hidden=\"true\">*<\/span><\/legend><div class=\"wpforms-field-row wpforms-field-medium\"><div class=\"wpforms-field-row-block wpforms-first wpforms-one-half\"><input type=\"text\" id=\"wpforms-739-field_0\" class=\"wpforms-field-name-first wpforms-field-required\" name=\"wpforms[fields][0][first]\" aria-errormessage=\"wpforms-739-field_0-error\" required><label for=\"wpforms-739-field_0\" class=\"wpforms-field-sublabel after\">Pr\u00e9nom<\/label><\/div><div class=\"wpforms-field-row-block wpforms-one-half\"><input type=\"text\" id=\"wpforms-739-field_0-last\" class=\"wpforms-field-name-last wpforms-field-required\" name=\"wpforms[fields][0][last]\" aria-errormessage=\"wpforms-739-field_0-last-error\" required><label for=\"wpforms-739-field_0-last\" class=\"wpforms-field-sublabel after\">Nom<\/label><\/div><\/div><\/fieldset><\/div><div id=\"wpforms-739-field_1-container\" class=\"wpforms-field wpforms-field-email\" data-field-id=\"1\"><label class=\"wpforms-field-label\" for=\"wpforms-739-field_1\">E-mail <span class=\"wpforms-required-label\" aria-hidden=\"true\">*<\/span><\/label><input type=\"email\" id=\"wpforms-739-field_1\" class=\"wpforms-field-medium wpforms-field-required\" name=\"wpforms[fields][1]\" spellcheck=\"false\" aria-errormessage=\"wpforms-739-field_1-error\" required><\/div><div id=\"wpforms-739-field_4-container\" class=\"wpforms-field wpforms-field-number\" data-field-id=\"4\"><label class=\"wpforms-field-label\" for=\"wpforms-739-field_4\">Num\u00e9ro de t\u00e9l\u00e9phone <span class=\"wpforms-required-label\" aria-hidden=\"true\">*<\/span><\/label><input type=\"number\" id=\"wpforms-739-field_4\" class=\"wpforms-field-medium wpforms-field-required\" name=\"wpforms[fields][4]\" aria-errormessage=\"wpforms-739-field_4-error\" required><\/div><div id=\"wpforms-739-field_5-container\" class=\"wpforms-field wpforms-field-text\" data-field-id=\"5\"><label class=\"wpforms-field-label\" for=\"wpforms-739-field_5\">Adresse <\/label><input type=\"text\" id=\"wpforms-739-field_5\" class=\"wpforms-field-large\" name=\"wpforms[fields][5]\" aria-errormessage=\"wpforms-739-field_5-error\" ><\/div><div id=\"wpforms-739-field_6-container\" class=\"wpforms-field wpforms-field-text\" data-field-id=\"6\"><label class=\"wpforms-field-label\" for=\"wpforms-739-field_6\">Profession <span class=\"wpforms-required-label\" aria-hidden=\"true\">*<\/span><\/label><input type=\"text\" id=\"wpforms-739-field_6\" class=\"wpforms-field-medium wpforms-field-required\" name=\"wpforms[fields][6]\" aria-errormessage=\"wpforms-739-field_6-error\" required><\/div><div id=\"wpforms-739-field_3-container\" class=\"wpforms-field wpforms-field-select wpforms-field-select-style-classic\" data-field-id=\"3\"><label class=\"wpforms-field-label\" for=\"wpforms-739-field_3\">Choix de la session <span class=\"wpforms-required-label\" aria-hidden=\"true\">*<\/span><\/label><select id=\"wpforms-739-field_3\" class=\"wpforms-field-medium wpforms-field-required\" name=\"wpforms[fields][3]\" required=\"required\"><option value=\"de 10h30 \u00e0 12h00\" >de 10h30 \u00e0 12h00<\/option><option value=\"de 14h00 \u00e0 15h30\" >de 14h00 \u00e0 15h30<\/option><\/select><\/div><div id=\"wpforms-739-field_2-container\" class=\"wpforms-field wpforms-field-textarea\" data-field-id=\"2\"><label class=\"wpforms-field-label\" for=\"wpforms-739-field_2\">Commentaire ou message<\/label><textarea id=\"wpforms-739-field_2\" class=\"wpforms-field-medium\" name=\"wpforms[fields][2]\" aria-errormessage=\"wpforms-739-field_2-error\" ><\/textarea><\/div><\/div><!-- .wpforms-field-container --><div class=\"wpforms-submit-container\" ><input type=\"hidden\" name=\"wpforms[id]\" value=\"739\"><input type=\"hidden\" name=\"page_title\" value=\"\"><input type=\"hidden\" name=\"page_url\" value=\"https:\/\/lamaison-lexcellencedusoin.com\/index.php\/wp-json\/wp\/v2\/pages\/747\"><button type=\"submit\" name=\"wpforms[submit]\" id=\"wpforms-submit-739\" class=\"wpforms-submit\" data-alt-text=\"Inscription en cours..\" data-submit-text=\"S&#039;inscrire\" aria-live=\"assertive\" value=\"wpforms-submit\">S&#039;inscrire<\/button><img decoding=\"async\" src=\"https:\/\/lamaison-lexcellencedusoin.com\/wp-content\/plugins\/wpforms-lite\/assets\/images\/submit-spin.svg\" class=\"wpforms-submit-spinner\" style=\"display: none;\" width=\"26\" height=\"26\" alt=\"Chargement en cours\"><\/div><\/form><\/div>  <!-- .wpforms-container -->\n\n\n<p><strong>Merci !<\/strong>&nbsp;Apr\u00e8s envoi, vous recevrez un e-mail de confirmation avec toutes les infos pratiques.<\/p>\n\n\n\n<h3 class=\"wp-block-heading\">Prochaines formations LB Facialistes \u00e0&nbsp;<strong>Tournai<\/strong>&nbsp;(2025\u20132026)<\/h3>\n\n\n\n<ul class=\"wp-block-list\">\n<li><strong>Kobido Initial<\/strong>&nbsp;: du&nbsp;<strong>24 au 27\/11\/25<\/strong><\/li>\n\n\n\n<li><strong>Gua Sha<\/strong>&nbsp;: du&nbsp;<strong>09 au 10\/02\/26<\/strong><\/li>\n\n\n\n<li><strong>Stretching Facial<\/strong>&nbsp;: du&nbsp;<strong>08 au 09\/06\/26<\/strong><\/li>\n\n\n\n<li><strong>D\u00e9tox Facial<\/strong>&nbsp;: du&nbsp;<strong>05 au 06\/10\/26<\/strong><\/li>\n<\/ul>\n\n\n\n<p>\ud83d\udc49 En savoir plus et d\u00e9couvrir l\u2019ensemble de nos formations :&nbsp;<br><strong><a href=\"https:\/\/lbfacialistes.com\/fr\/academie\" data-type=\"link\" data-id=\"https:\/\/lbfacialistes.com\/fr\/academie\" target=\"_blank\" rel=\"noreferrer noopener\">LB FACIALISTES \u2014 Nos formations<\/a><\/strong><br>Si vous souhaitez \u00eatre tenu\u00b7e inform\u00e9\u00b7e des ouvertures d\u2019inscription, indiquez-le dans le formulaire ou contactez-nous.<\/p>\n\n\n\n<figure class=\"wp-block-video\"><video controls src=\"https:\/\/lbfacialistes.com\/modules\/divioseo_hpvideo\/video\/MARQUE-VF3-16.9.mp4\"><\/video><\/figure>\n\n\n\n<p><\/p>\n","protected":false},"excerpt":{"rendered":"<p>Masterclass LB Facialistes du 3 novembre 2025avec Delphine LANGLOIS \u2013 Inscription Nous avons le plaisir de vous proposer une\u00a0Masterclass exclusive le lundi 3 novembre avec Delphine LANGLOIS, un moment d\u2019exception plac\u00e9 sous le signe de la transmission et du partage.Au programme :\u00a0rencontre,\u00a0\u00e9change, questions-r\u00e9ponses\u00a0et\u00a0d\u00e9monstration en direct de la M\u00e9thode LB Facialistes\u00a9. [&hellip;]<\/p>\n","protected":false},"author":1,"featured_media":0,"parent":0,"menu_order":0,"comment_status":"closed","ping_status":"closed","template":"","meta":{"footnotes":""},"class_list":["post-747","page","type-page","status-publish","hentry"],"_links":{"self":[{"href":"https:\/\/lamaison-lexcellencedusoin.com\/index.php\/wp-json\/wp\/v2\/pages\/747","targetHints":{"allow":["GET"]}}],"collection":[{"href":"https:\/\/lamaison-lexcellencedusoin.com\/index.php\/wp-json\/wp\/v2\/pages"}],"about":[{"href":"https:\/\/lamaison-lexcellencedusoin.com\/index.php\/wp-json\/wp\/v2\/types\/page"}],"author":[{"embeddable":true,"href":"https:\/\/lamaison-lexcellencedusoin.com\/index.php\/wp-json\/wp\/v2\/users\/1"}],"replies":[{"embeddable":true,"href":"https:\/\/lamaison-lexcellencedusoin.com\/index.php\/wp-json\/wp\/v2\/comments?post=747"}],"version-history":[{"count":7,"href":"https:\/\/lamaison-lexcellencedusoin.com\/index.php\/wp-json\/wp\/v2\/pages\/747\/revisions"}],"predecessor-version":[{"id":776,"href":"https:\/\/lamaison-lexcellencedusoin.com\/index.php\/wp-json\/wp\/v2\/pages\/747\/revisions\/776"}],"wp:attachment":[{"href":"https:\/\/lamaison-lexcellencedusoin.com\/index.php\/wp-json\/wp\/v2\/media?parent=747"}],"curies":[{"name":"wp","href":"https:\/\/api.w.org\/{rel}","templated":true}]}}